{"id":31,"date":"2022-02-18T11:51:13","date_gmt":"2022-02-18T10:51:13","guid":{"rendered":"https:\/\/www.mecanorem.se\/?page_id=31"},"modified":"2022-04-05T18:27:16","modified_gmt":"2022-04-05T16:27:16","slug":"om-oss","status":"publish","type":"page","link":"https:\/\/www.mecanorem.se\/en\/om-oss\/","title":{"rendered":"About"},"content":{"rendered":"<div data-elementor-type=\"wp-page\" data-elementor-id=\"31\" class=\"elementor elementor-31\" data-elementor-post-type=\"page\">\n\t\t\t\t\t\t\t\t\t<section class=\"elementor-section elementor-top-section elementor-element elementor-element-34adf046 elementor-section-boxed elementor-section-height-default elementor-section-height-default\" data-id=\"34adf046\" data-element_type=\"section\" data-settings=\"{&quot;background_background&quot;:&quot;classic&quot;}\">\n\t\t\t\t\t\t\t<div class=\"elementor-background-overlay\"><\/div>\n\t\t\t\t\t\t\t<div class=\"elementor-container elementor-column-gap-default\">\n\t\t\t\t\t<div class=\"elementor-column elementor-col-50 elementor-top-column elementor-element elementor-element-65b86bdd\" data-id=\"65b86bdd\" data-element_type=\"column\" data-settings=\"{&quot;background_background&quot;:&quot;classic&quot;}\">\n\t\t\t<div class=\"elementor-widget-wrap elementor-element-populated\">\n\t\t\t\t\t\t\t\t<div class=\"elementor-element elementor-element-3d700bb3 elementor-widget elementor-widget-text-editor\" data-id=\"3d700bb3\" data-element_type=\"widget\" data-widget_type=\"text-editor.default\">\n\t\t\t\t<div class=\"elementor-widget-container\">\n\t\t\t<style>\/*! elementor - v3.17.0 - 25-10-2023 *\/\n.elementor-widget-text-editor.elementor-drop-cap-view-stacked .elementor-drop-cap{background-color:#69727d;color:#fff}.elementor-widget-text-editor.elementor-drop-cap-view-framed .elementor-drop-cap{color:#69727d;border:3px solid;background-color:transparent}.elementor-widget-text-editor:not(.elementor-drop-cap-view-default) .elementor-drop-cap{margin-top:8px}.elementor-widget-text-editor:not(.elementor-drop-cap-view-default) .elementor-drop-cap-letter{width:1em;height:1em}.elementor-widget-text-editor .elementor-drop-cap{float:left;text-align:center;line-height:1;font-size:50px}.elementor-widget-text-editor .elementor-drop-cap-letter{display:inline-block}<\/style>\t\t\t\t<p class=\" translation-block\">With our own production facility in Normandy we produce all our hydraulic trailers on site. We have a continuous development by experience and in cooperation with our customers and end users. \n<br><br>\nThe 40 years experience from manufacturing durable professional hydraulic trailers for marine business, airport handling and defence industry gives us the humble attitude that we know what we know what we are talking about.\n<br><br>\nFor the marine business we produce hydraulic trailers in a standard range from 3 \u2013 20 tons and custom made especially designed for our customers need up to 50 tons, both towed and self propelled. The company is a member in the listed Trigano Group.<\/p>\t\t\t\t\t\t<\/div>\n\t\t\t\t<\/div>\n\t\t\t\t\t<\/div>\n\t\t<\/div>\n\t\t\t\t<div class=\"elementor-column elementor-col-50 elementor-top-column elementor-element elementor-element-c74950c\" data-id=\"c74950c\" data-element_type=\"column\">\n\t\t\t<div class=\"elementor-widget-wrap elementor-element-populated\">\n\t\t\t\t\t\t\t\t<div class=\"elementor-element elementor-element-a6ba8f7 elementor-widget elementor-widget-image\" data-id=\"a6ba8f7\" data-element_type=\"widget\" data-widget_type=\"image.default\">\n\t\t\t\t<div class=\"elementor-widget-container\">\n\t\t\t<style>\/*! elementor - v3.17.0 - 25-10-2023 *\/\n.elementor-widget-image{text-align:center}.elementor-widget-image a{display:inline-block}.elementor-widget-image a img[src$=\".svg\"]{width:48px}.elementor-widget-image img{vertical-align:middle;display:inline-block}<\/style>\t\t\t\t\t\t\t\t\t\t\t\t<img decoding=\"async\" width=\"225\" height=\"225\" src=\"https:\/\/www.mecanorem.se\/wp-content\/uploads\/2022\/02\/Mecanorem-gul-1.png\" class=\"attachment-large size-large wp-image-50\" alt=\"\" srcset=\"https:\/\/www.mecanorem.se\/wp-content\/uploads\/2022\/02\/Mecanorem-gul-1.png 225w, https:\/\/www.mecanorem.se\/wp-content\/uploads\/2022\/02\/Mecanorem-gul-1-150x150.png 150w\" sizes=\"(max-width: 225px) 100vw, 225px\" \/>\t\t\t\t\t\t\t\t\t\t\t\t\t\t\t<\/div>\n\t\t\t\t<\/div>\n\t\t\t\t\t<\/div>\n\t\t<\/div>\n\t\t\t\t\t\t\t<\/div>\n\t\t<\/section>\n\t\t\t\t<section class=\"elementor-section elementor-top-section elementor-element elementor-element-4543262 elementor-section-boxed elementor-section-height-default elementor-section-height-default\" data-id=\"4543262\" data-element_type=\"section\" data-settings=\"{&quot;background_background&quot;:&quot;classic&quot;}\">\n\t\t\t\t\t\t\t<div class=\"elementor-background-overlay\"><\/div>\n\t\t\t\t\t\t\t<div class=\"elementor-container elementor-column-gap-default\">\n\t\t\t\t\t<div class=\"elementor-column elementor-col-100 elementor-top-column elementor-element elementor-element-511b4e0\" data-id=\"511b4e0\" data-element_type=\"column\" data-settings=\"{&quot;background_background&quot;:&quot;classic&quot;}\">\n\t\t\t<div class=\"elementor-widget-wrap elementor-element-populated\">\n\t\t\t\t\t\t\t\t<div class=\"elementor-element elementor-element-eff4aff elementor-widget elementor-widget-heading\" data-id=\"eff4aff\" data-element_type=\"widget\" data-widget_type=\"heading.default\">\n\t\t\t\t<div class=\"elementor-widget-container\">\n\t\t\t<style>\/*! elementor - v3.17.0 - 25-10-2023 *\/\n.elementor-heading-title{padding:0;margin:0;line-height:1}.elementor-widget-heading .elementor-heading-title[class*=elementor-size-]>a{color:inherit;font-size:inherit;line-height:inherit}.elementor-widget-heading .elementor-heading-title.elementor-size-small{font-size:15px}.elementor-widget-heading .elementor-heading-title.elementor-size-medium{font-size:19px}.elementor-widget-heading .elementor-heading-title.elementor-size-large{font-size:29px}.elementor-widget-heading .elementor-heading-title.elementor-size-xl{font-size:39px}.elementor-widget-heading .elementor-heading-title.elementor-size-xxl{font-size:59px}<\/style><h2 class=\"elementor-heading-title elementor-size-default\">Dyvik Marina - distributor in the Nordic countries<\/h2>\t\t<\/div>\n\t\t\t\t<\/div>\n\t\t\t\t<div class=\"elementor-element elementor-element-638fefb elementor-widget elementor-widget-text-editor\" data-id=\"638fefb\" data-element_type=\"widget\" data-widget_type=\"text-editor.default\">\n\t\t\t\t<div class=\"elementor-widget-container\">\n\t\t\t\t\t\t\t<p class=\" translation-block\">Since more than 15 years Dyvik Marina have been distributing the Mecanorem trailers in the Nordic countries. We have customers from Barents Sea throughout the Baltic Sea to the North Sea and the many lakes in the Nordic. Our customers are boatyards, marinas, repair shops as well as boat clubs and associations\n\nSince we run our own marina with about 400 berths, engine and repair shops, sales of new boats we handle several thousand launches every year giving us a practical experience from using the trailers. This is essential and give confidence when talking with colleagues. <br><br>Please do not hesitate to contact us for a demo and take a visit where we use the trailers daily.<\/p><p><strong>Example of customers:<\/strong><\/p><ul><li>B&amp;C Marine<\/li><li>Lagerviks B\u00e5tvarv<\/li><li>Hamnmagasinet i Mariestad<\/li><li>LL25 MiTina<\/li><li>Marstrands Varv<\/li><li>M\u00e4larb\u00e5tar<\/li><li>M\u00e4lar\u00f6arnas B\u00e5tvarv<\/li><li>Nicanders B\u00e5tvarv<\/li><li>N\u00e4sbyvikens B\u00e5ts\u00e4llskap<\/li><li>Smart Marine<\/li><li>\u00d6stersk\u00e4rs Marina<\/li><li>\u00d6sthammars SS<\/li><\/ul><p><br \/>Contact us at Dyvik Marina and we will find what type of hydraulic trailer that suits your needs.<\/p>\t\t\t\t\t\t<\/div>\n\t\t\t\t<\/div>\n\t\t\t\t<div class=\"elementor-element elementor-element-838b144 elementor-widget elementor-widget-image\" data-id=\"838b144\" data-element_type=\"widget\" data-widget_type=\"image.default\">\n\t\t\t\t<div class=\"elementor-widget-container\">\n\t\t\t\t\t\t\t\t\t\t\t\t\t\t\t\t<a href=\"https:\/\/www.dyvik.se\/\" target=\"_blank\" rel=\"noopener\">\n\t\t\t\t\t\t\t<img decoding=\"async\" width=\"800\" height=\"105\" src=\"https:\/\/www.mecanorem.se\/wp-content\/uploads\/2022\/02\/DyvikLogo_3rad-1024x134.jpg\" class=\"attachment-large size-large wp-image-161\" alt=\"\" srcset=\"https:\/\/www.mecanorem.se\/wp-content\/uploads\/2022\/02\/DyvikLogo_3rad-1024x134.jpg 1024w, https:\/\/www.mecanorem.se\/wp-content\/uploads\/2022\/02\/DyvikLogo_3rad-300x39.jpg 300w, https:\/\/www.mecanorem.se\/wp-content\/uploads\/2022\/02\/DyvikLogo_3rad-768x101.jpg 768w, https:\/\/www.mecanorem.se\/wp-content\/uploads\/2022\/02\/DyvikLogo_3rad-1536x202.jpg 1536w, https:\/\/www.mecanorem.se\/wp-content\/uploads\/2022\/02\/DyvikLogo_3rad-2048x269.jpg 2048w\" sizes=\"(max-width: 800px) 100vw, 800px\" \/>\t\t\t\t\t\t\t\t<\/a>\n\t\t\t\t\t\t\t\t\t\t\t\t\t\t\t<\/div>\n\t\t\t\t<\/div>\n\t\t\t\t\t<\/div>\n\t\t<\/div>\n\t\t\t\t\t\t\t<\/div>\n\t\t<\/section>\n\t\t\t\t\t\t\t<\/div>","protected":false},"excerpt":{"rendered":"<p>Mecanorem har i \u00f6ver 40 \u00e5r tillverkat b\u00e5thanteringssystem och \u00e4r en av de ledande ochst\u00f6rsta vagntillverkarna i Frankrike med vagnar fr\u00e5n 3-20 ton i standardsortimentet ochCustom Made upp till 50 ton. F\u00f6retaget \u00e4r leverant\u00f6r till det franska f\u00f6rsvaret. Dyvik Marina \u2013 nordisk distribut\u00f6r I v\u00e5r egen verksamhet som hanterar varvets \u00f6ver 400 b\u00e5tar anv\u00e4nder vi [&hellip;]<\/p>","protected":false},"author":1,"featured_media":0,"parent":0,"menu_order":0,"comment_status":"closed","ping_status":"closed","template":"","meta":{"_seopress_robots_primary_cat":"","footnotes":""},"Pagecategories":[],"class_list":["post-31","page","type-page","status-publish","hentry"],"meta_box":[],"_links":{"self":[{"href":"https:\/\/www.mecanorem.se\/en\/wp-json\/wp\/v2\/pages\/31","targetHints":{"allow":["GET"]}}],"collection":[{"href":"https:\/\/www.mecanorem.se\/en\/wp-json\/wp\/v2\/pages"}],"about":[{"href":"https:\/\/www.mecanorem.se\/en\/wp-json\/wp\/v2\/types\/page"}],"author":[{"embeddable":true,"href":"https:\/\/www.mecanorem.se\/en\/wp-json\/wp\/v2\/users\/1"}],"replies":[{"embeddable":true,"href":"https:\/\/www.mecanorem.se\/en\/wp-json\/wp\/v2\/comments?post=31"}],"version-history":[{"count":5,"href":"https:\/\/www.mecanorem.se\/en\/wp-json\/wp\/v2\/pages\/31\/revisions"}],"predecessor-version":[{"id":926,"href":"https:\/\/www.mecanorem.se\/en\/wp-json\/wp\/v2\/pages\/31\/revisions\/926"}],"wp:attachment":[{"href":"https:\/\/www.mecanorem.se\/en\/wp-json\/wp\/v2\/media?parent=31"}],"wp:term":[{"taxonomy":"Pagecategories","embeddable":true,"href":"https:\/\/www.mecanorem.se\/en\/wp-json\/wp\/v2\/Pagecategories?post=31"}],"curies":[{"name":"wp","href":"https:\/\/api.w.org\/{rel}","templated":true}]}}